{"id":328,"date":"2023-07-14T11:59:53","date_gmt":"2023-07-14T09:59:53","guid":{"rendered":"https:\/\/staging.plexwind.com\/?page_id=328"},"modified":"2023-07-14T12:07:55","modified_gmt":"2023-07-14T10:07:55","slug":"impressum","status":"publish","type":"page","link":"https:\/\/plexwind.com\/?page_id=328","title":{"rendered":"Impressum"},"content":{"rendered":"\t\t<div data-elementor-type=\"wp-page\" data-elementor-id=\"328\" class=\"elementor elementor-328\" data-elementor-post-type=\"page\">\n\t\t\t\t\t\t<section class=\"elementor-section elementor-top-section elementor-element elementor-element-a778e2d elementor-section-boxed elementor-section-height-default elementor-section-height-default\" data-id=\"a778e2d\" data-element_type=\"section\" data-e-type=\"section\">\n\t\t\t\t\t\t<div class=\"elementor-container elementor-column-gap-default\">\n\t\t\t\t\t<div class=\"elementor-column elementor-col-100 elementor-top-column elementor-element elementor-element-43211f4\" data-id=\"43211f4\" data-element_type=\"column\" data-e-type=\"column\">\n\t\t\t<div class=\"elementor-widget-wrap elementor-element-populated\">\n\t\t\t\t\t\t<div class=\"elementor-element elementor-element-d3db21d elementor-widget elementor-widget-heading\" data-id=\"d3db21d\" data-element_type=\"widget\" data-e-type=\"widget\" data-widget_type=\"heading.default\">\n\t\t\t\t<div class=\"elementor-widget-container\">\n\t\t\t\t\t<h2 class=\"elementor-heading-title elementor-size-default\">Impressum<\/h2>\t\t\t\t<\/div>\n\t\t\t\t<\/div>\n\t\t\t\t\t<\/div>\n\t\t<\/div>\n\t\t\t\t\t<\/div>\n\t\t<\/section>\n\t\t\t\t<section class=\"elementor-section elementor-top-section elementor-element elementor-element-750c3ee elementor-section-boxed elementor-section-height-default elementor-section-height-default\" data-id=\"750c3ee\" data-element_type=\"section\" data-e-type=\"section\">\n\t\t\t\t\t\t<div class=\"elementor-container elementor-column-gap-default\">\n\t\t\t\t\t<div class=\"elementor-column elementor-col-100 elementor-top-column elementor-element elementor-element-4c78f6e\" data-id=\"4c78f6e\" data-element_type=\"column\" data-e-type=\"column\">\n\t\t\t<div class=\"elementor-widget-wrap elementor-element-populated\">\n\t\t\t\t\t\t<div class=\"elementor-element elementor-element-ad2a0c4 elementor-widget elementor-widget-spacer\" data-id=\"ad2a0c4\" data-element_type=\"widget\" data-e-type=\"widget\" data-widget_type=\"spacer.default\">\n\t\t\t\t<div class=\"elementor-widget-container\">\n\t\t\t\t\t\t\t<div class=\"elementor-spacer\">\n\t\t\t<div class=\"elementor-spacer-inner\"><\/div>\n\t\t<\/div>\n\t\t\t\t\t\t<\/div>\n\t\t\t\t<\/div>\n\t\t\t\t\t<\/div>\n\t\t<\/div>\n\t\t\t\t\t<\/div>\n\t\t<\/section>\n\t\t\t\t<section class=\"elementor-section elementor-top-section elementor-element elementor-element-28f73e0 elementor-section-boxed elementor-section-height-default elementor-section-height-default\" data-id=\"28f73e0\" data-element_type=\"section\" data-e-type=\"section\">\n\t\t\t\t\t\t<div class=\"elementor-container elementor-column-gap-default\">\n\t\t\t\t\t<div class=\"elementor-column elementor-col-100 elementor-top-column elementor-element elementor-element-ea85909\" data-id=\"ea85909\" data-element_type=\"column\" data-e-type=\"column\">\n\t\t\t<div class=\"elementor-widget-wrap elementor-element-populated\">\n\t\t\t\t\t\t<div class=\"elementor-element elementor-element-8b8afe1 elementor-widget elementor-widget-text-editor\" data-id=\"8b8afe1\" data-element_type=\"widget\" data-e-type=\"widget\" data-widget_type=\"text-editor.default\">\n\t\t\t\t<div class=\"elementor-widget-container\">\n\t\t\t\t\t\t\t\t\t<p>Plexwind GmbH<br \/>GF: Marcel Wolf<br \/>Kaspar-Sp\u00e4t-Strasse 25<br \/>81549 M\u00fcnchen<\/p><p>Telefon: +4989215279300<br \/>eMail: info@plexwind.com<\/p><p>Handelsreigister: HRB 265251<\/p><p>\u00a0<\/p><p>Verantwortlich f\u00fcr den Inhalt:<\/p><p>Plexwind GmbH<br \/>GF: Marcel Wolf<br \/>Kaspar-Sp\u00e4t-Strasse 25<br \/>81549 M\u00fcnchen<\/p><p>Telefon: +4989215279300<br \/>eMail: info@plexwind.com<\/p>\t\t\t\t\t\t\t\t<\/div>\n\t\t\t\t<\/div>\n\t\t\t\t\t<\/div>\n\t\t<\/div>\n\t\t\t\t\t<\/div>\n\t\t<\/section>\n\t\t\t\t<\/div>\n\t\t","protected":false},"excerpt":{"rendered":"<p>Impressum Plexwind GmbHGF: Marcel WolfKaspar-Sp\u00e4t-Strasse 2581549 M\u00fcnchen Telefon: +4989215279300eMail: info@plexwind.com Handelsreigister: HRB 265251 \u00a0 Verantwortlich f\u00fcr den Inhalt: Plexwind GmbHGF: Marcel WolfKaspar-Sp\u00e4t-Strasse 2581549 M\u00fcnchen Telefon: +4989215279300eMail: info@plexwind.com<\/p>\n","protected":false},"author":2,"featured_media":0,"parent":0,"menu_order":0,"comment_status":"closed","ping_status":"closed","template":"","meta":{"site-sidebar-layout":"no-sidebar","site-content-layout":"page-builder","ast-site-content-layout":"default","site-content-style":"default","site-sidebar-style":"default","ast-global-header-display":"","ast-banner-title-visibility":"","ast-main-header-display":"","ast-hfb-above-header-display":"","ast-hfb-below-header-display":"","ast-hfb-mobile-header-display":"","site-post-title":"disabled","ast-breadcrumbs-content":"","ast-featured-img":"disabled","footer-sml-layout":"","ast-disable-related-posts":"","theme-transparent-header-meta":"","adv-header-id-meta":"","stick-header-meta":"","header-above-stick-meta":"","header-main-stick-meta":"","header-below-stick-meta":"","astra-migrate-meta-layouts":"default","ast-page-background-enabled":"default","ast-page-background-meta":{"desktop":{"background-color":"","background-image":"","background-repeat":"repeat","background-position":"center center","background-size":"auto","background-attachment":"scroll","background-type":"","background-media":"","overlay-type":"","overlay-color":"","overlay-opacity":"","overlay-gradient":""},"tablet":{"background-color":"","background-image":"","background-repeat":"repeat","background-position":"center center","background-size":"auto","background-attachment":"scroll","background-type":"","background-media":"","overlay-type":"","overlay-color":"","overlay-opacity":"","overlay-gradient":""},"mobile":{"background-color":"","background-image":"","background-repeat":"repeat","background-position":"center center","background-size":"auto","background-attachment":"scroll","background-type":"","background-media":"","overlay-type":"","overlay-color":"","overlay-opacity":"","overlay-gradient":""}},"ast-content-background-meta":{"desktop":{"background-color":"var(--ast-global-color-5)","background-image":"","background-repeat":"repeat","background-position":"center center","background-size":"auto","background-attachment":"scroll","background-type":"","background-media":"","overlay-type":"","overlay-color":"","overlay-opacity":"","overlay-gradient":""},"tablet":{"background-color":"var(--ast-global-color-5)","background-image":"","background-repeat":"repeat","background-position":"center center","background-size":"auto","background-attachment":"scroll","background-type":"","background-media":"","overlay-type":"","overlay-color":"","overlay-opacity":"","overlay-gradient":""},"mobile":{"background-color":"var(--ast-global-color-5)","background-image":"","background-repeat":"repeat","background-position":"center center","background-size":"auto","background-attachment":"scroll","background-type":"","background-media":"","overlay-type":"","overlay-color":"","overlay-opacity":"","overlay-gradient":""}},"footnotes":""},"class_list":["post-328","page","type-page","status-publish","hentry"],"yoast_head":"<!-- This site is optimized with the Yoast SEO plugin v27.5 - https:\/\/yoast.com\/product\/yoast-seo-wordpress\/ -->\n<title>Impressum - Plexwind | IT L\u00f6sungen<\/title>\n<meta name=\"description\" content=\"Plexwind IKT - Unleashing IT Potential | Managed Services MSP, Projekt Management, Hosting | Effeizient, zuverl\u00e4ssig &amp; absolut sicher!\" \/>\n<meta name=\"robots\" content=\"noindex, follow, max-snippet:-1, max-image-preview:large, max-video-preview:-1\" \/>\n<meta property=\"og:locale\" content=\"de_DE\" \/>\n<meta property=\"og:type\" content=\"article\" \/>\n<meta property=\"og:title\" content=\"Impressum - Plexwind | IT L\u00f6sungen\" \/>\n<meta property=\"og:description\" content=\"Plexwind IKT - Unleashing IT Potential | Managed Services MSP, Projekt Management, Hosting | Effeizient, zuverl\u00e4ssig &amp; absolut sicher!\" \/>\n<meta property=\"og:url\" content=\"https:\/\/plexwind.com\/?page_id=328\" \/>\n<meta property=\"og:site_name\" content=\"Plexwind | IT L\u00f6sungen\" \/>\n<meta property=\"article:modified_time\" content=\"2023-07-14T10:07:55+00:00\" \/>\n<meta property=\"og:image\" content=\"https:\/\/plexwind.com\/wp-content\/uploads\/2023\/07\/Design-ohne-Titel5.png\" \/>\n\t<meta property=\"og:image:width\" content=\"1200\" \/>\n\t<meta property=\"og:image:height\" content=\"675\" \/>\n\t<meta property=\"og:image:type\" content=\"image\/png\" \/>\n<meta name=\"twitter:card\" content=\"summary_large_image\" \/>\n<meta name=\"twitter:label1\" content=\"Gesch\u00e4tzte Lesezeit\" \/>\n\t<meta name=\"twitter:data1\" content=\"1\u00a0Minute\" \/>\n<script type=\"application\/ld+json\" class=\"yoast-schema-graph\">{\"@context\":\"https:\\\/\\\/schema.org\",\"@graph\":[{\"@type\":\"WebPage\",\"@id\":\"https:\\\/\\\/plexwind.com\\\/?page_id=328\",\"url\":\"https:\\\/\\\/plexwind.com\\\/?page_id=328\",\"name\":\"Impressum - Plexwind | IT L\u00f6sungen\",\"isPartOf\":{\"@id\":\"https:\\\/\\\/plexwind.com\\\/#website\"},\"datePublished\":\"2023-07-14T09:59:53+00:00\",\"dateModified\":\"2023-07-14T10:07:55+00:00\",\"description\":\"Plexwind IKT - Unleashing IT Potential | Managed Services MSP, Projekt Management, Hosting | Effeizient, zuverl\u00e4ssig & absolut sicher!\",\"breadcrumb\":{\"@id\":\"https:\\\/\\\/plexwind.com\\\/?page_id=328#breadcrumb\"},\"inLanguage\":\"de\",\"potentialAction\":[{\"@type\":\"ReadAction\",\"target\":[\"https:\\\/\\\/plexwind.com\\\/?page_id=328\"]}]},{\"@type\":\"BreadcrumbList\",\"@id\":\"https:\\\/\\\/plexwind.com\\\/?page_id=328#breadcrumb\",\"itemListElement\":[{\"@type\":\"ListItem\",\"position\":1,\"name\":\"Startseite\",\"item\":\"https:\\\/\\\/plexwind.com\\\/\"},{\"@type\":\"ListItem\",\"position\":2,\"name\":\"Impressum\"}]},{\"@type\":\"WebSite\",\"@id\":\"https:\\\/\\\/plexwind.com\\\/#website\",\"url\":\"https:\\\/\\\/plexwind.com\\\/\",\"name\":\"Plexwind | IT L\u00f6sungen\",\"description\":\"Praxis konforme IT\",\"publisher\":{\"@id\":\"https:\\\/\\\/plexwind.com\\\/#organization\"},\"alternateName\":\"Plexwind\",\"potentialAction\":[{\"@type\":\"SearchAction\",\"target\":{\"@type\":\"EntryPoint\",\"urlTemplate\":\"https:\\\/\\\/plexwind.com\\\/?s={search_term_string}\"},\"query-input\":{\"@type\":\"PropertyValueSpecification\",\"valueRequired\":true,\"valueName\":\"search_term_string\"}}],\"inLanguage\":\"de\"},{\"@type\":\"Organization\",\"@id\":\"https:\\\/\\\/plexwind.com\\\/#organization\",\"name\":\"Plexwind | IKT\",\"alternateName\":\"Plexwind\",\"url\":\"https:\\\/\\\/plexwind.com\\\/\",\"logo\":{\"@type\":\"ImageObject\",\"inLanguage\":\"de\",\"@id\":\"https:\\\/\\\/plexwind.com\\\/#\\\/schema\\\/logo\\\/image\\\/\",\"url\":\"https:\\\/\\\/plexwind.com\\\/wp-content\\\/uploads\\\/2023\\\/07\\\/4-1.png\",\"contentUrl\":\"https:\\\/\\\/plexwind.com\\\/wp-content\\\/uploads\\\/2023\\\/07\\\/4-1.png\",\"width\":1200,\"height\":630,\"caption\":\"Plexwind | IKT\"},\"image\":{\"@id\":\"https:\\\/\\\/plexwind.com\\\/#\\\/schema\\\/logo\\\/image\\\/\"}}]}<\/script>\n<!-- \/ Yoast SEO plugin. -->","yoast_head_json":{"title":"Impressum - Plexwind | IT L\u00f6sungen","description":"Plexwind IKT - Unleashing IT Potential | Managed Services MSP, Projekt Management, Hosting | Effeizient, zuverl\u00e4ssig & absolut sicher!","robots":{"index":"noindex","follow":"follow","max-snippet":"max-snippet:-1","max-image-preview":"max-image-preview:large","max-video-preview":"max-video-preview:-1"},"og_locale":"de_DE","og_type":"article","og_title":"Impressum - Plexwind | IT L\u00f6sungen","og_description":"Plexwind IKT - Unleashing IT Potential | Managed Services MSP, Projekt Management, Hosting | Effeizient, zuverl\u00e4ssig & absolut sicher!","og_url":"https:\/\/plexwind.com\/?page_id=328","og_site_name":"Plexwind | IT L\u00f6sungen","article_modified_time":"2023-07-14T10:07:55+00:00","og_image":[{"width":1200,"height":675,"url":"https:\/\/plexwind.com\/wp-content\/uploads\/2023\/07\/Design-ohne-Titel5.png","type":"image\/png"}],"twitter_card":"summary_large_image","twitter_misc":{"Gesch\u00e4tzte Lesezeit":"1\u00a0Minute"},"schema":{"@context":"https:\/\/schema.org","@graph":[{"@type":"WebPage","@id":"https:\/\/plexwind.com\/?page_id=328","url":"https:\/\/plexwind.com\/?page_id=328","name":"Impressum - Plexwind | IT L\u00f6sungen","isPartOf":{"@id":"https:\/\/plexwind.com\/#website"},"datePublished":"2023-07-14T09:59:53+00:00","dateModified":"2023-07-14T10:07:55+00:00","description":"Plexwind IKT - Unleashing IT Potential | Managed Services MSP, Projekt Management, Hosting | Effeizient, zuverl\u00e4ssig & absolut sicher!","breadcrumb":{"@id":"https:\/\/plexwind.com\/?page_id=328#breadcrumb"},"inLanguage":"de","potentialAction":[{"@type":"ReadAction","target":["https:\/\/plexwind.com\/?page_id=328"]}]},{"@type":"BreadcrumbList","@id":"https:\/\/plexwind.com\/?page_id=328#breadcrumb","itemListElement":[{"@type":"ListItem","position":1,"name":"Startseite","item":"https:\/\/plexwind.com\/"},{"@type":"ListItem","position":2,"name":"Impressum"}]},{"@type":"WebSite","@id":"https:\/\/plexwind.com\/#website","url":"https:\/\/plexwind.com\/","name":"Plexwind | IT L\u00f6sungen","description":"Praxis konforme IT","publisher":{"@id":"https:\/\/plexwind.com\/#organization"},"alternateName":"Plexwind","potentialAction":[{"@type":"SearchAction","target":{"@type":"EntryPoint","urlTemplate":"https:\/\/plexwind.com\/?s={search_term_string}"},"query-input":{"@type":"PropertyValueSpecification","valueRequired":true,"valueName":"search_term_string"}}],"inLanguage":"de"},{"@type":"Organization","@id":"https:\/\/plexwind.com\/#organization","name":"Plexwind | IKT","alternateName":"Plexwind","url":"https:\/\/plexwind.com\/","logo":{"@type":"ImageObject","inLanguage":"de","@id":"https:\/\/plexwind.com\/#\/schema\/logo\/image\/","url":"https:\/\/plexwind.com\/wp-content\/uploads\/2023\/07\/4-1.png","contentUrl":"https:\/\/plexwind.com\/wp-content\/uploads\/2023\/07\/4-1.png","width":1200,"height":630,"caption":"Plexwind | IKT"},"image":{"@id":"https:\/\/plexwind.com\/#\/schema\/logo\/image\/"}}]}},"_links":{"self":[{"href":"https:\/\/plexwind.com\/index.php?rest_route=\/wp\/v2\/pages\/328","targetHints":{"allow":["GET"]}}],"collection":[{"href":"https:\/\/plexwind.com\/index.php?rest_route=\/wp\/v2\/pages"}],"about":[{"href":"https:\/\/plexwind.com\/index.php?rest_route=\/wp\/v2\/types\/page"}],"author":[{"embeddable":true,"href":"https:\/\/plexwind.com\/index.php?rest_route=\/wp\/v2\/users\/2"}],"replies":[{"embeddable":true,"href":"https:\/\/plexwind.com\/index.php?rest_route=%2Fwp%2Fv2%2Fcomments&post=328"}],"version-history":[{"count":5,"href":"https:\/\/plexwind.com\/index.php?rest_route=\/wp\/v2\/pages\/328\/revisions"}],"predecessor-version":[{"id":333,"href":"https:\/\/plexwind.com\/index.php?rest_route=\/wp\/v2\/pages\/328\/revisions\/333"}],"wp:attachment":[{"href":"https:\/\/plexwind.com\/index.php?rest_route=%2Fwp%2Fv2%2Fmedia&parent=328"}],"curies":[{"name":"wp","href":"https:\/\/api.w.org\/{rel}","templated":true}]}}